{"id":839,"date":"2023-08-14T16:42:00","date_gmt":"2023-08-14T16:42:00","guid":{"rendered":"https:\/\/i2physio.com\/privacy-policy\/"},"modified":"2023-09-25T10:27:18","modified_gmt":"2023-09-25T10:27:18","slug":"privacy-policy","status":"publish","type":"page","link":"https:\/\/i2physio.com\/en\/privacy-policy\/","title":{"rendered":"Privacy Policy"},"content":{"rendered":"\t\t<div data-elementor-type=\"wp-page\" data-elementor-id=\"839\" class=\"elementor elementor-839 elementor-3\" data-elementor-post-type=\"page\">\n\t\t\t\t\t\t<section class=\"elementor-section elementor-top-section elementor-element elementor-element-9978e38 elementor-section-boxed elementor-section-height-default elementor-section-height-default\" data-id=\"9978e38\" data-element_type=\"section\">\n\t\t\t\t\t\t<div class=\"elementor-container elementor-column-gap-default\">\n\t\t\t\t\t<div class=\"elementor-column elementor-col-100 elementor-top-column elementor-element elementor-element-2ae5149\" data-id=\"2ae5149\" data-element_type=\"column\">\n\t\t\t<div class=\"elementor-widget-wrap elementor-element-populated\">\n\t\t\t\t\t\t<div class=\"elementor-element elementor-element-2a894b3 elementor-widget elementor-widget-heading\" data-id=\"2a894b3\" data-element_type=\"widget\" data-widget_type=\"heading.default\">\n\t\t\t\t<div class=\"elementor-widget-container\">\n\t\t\t\t\t<h1 class=\"elementor-heading-title elementor-size-default\">Privacy Policy<\/h1>\t\t\t\t<\/div>\n\t\t\t\t<\/div>\n\t\t\t\t<div class=\"elementor-element elementor-element-47716a8 elementor-widget elementor-widget-text-editor\" data-id=\"47716a8\" data-element_type=\"widget\" data-widget_type=\"text-editor.default\">\n\t\t\t\t<div class=\"elementor-widget-container\">\n\t\t\t\t\t\t\t\t\t<section class=\"elementor-section elementor-top-section elementor-element elementor-element-89b64dd elementor-section-boxed elementor-section-height-default elementor-section-height-default\" data-id=\"89b64dd\" data-element_type=\"section\"><div class=\"elementor-container elementor-column-gap-default\"><div class=\"elementor-column elementor-col-100 elementor-top-column elementor-element elementor-element-4626bc1\" data-id=\"4626bc1\" data-element_type=\"column\"><div class=\"elementor-widget-wrap elementor-element-populated\"><div class=\"elementor-element elementor-element-3a010e0 elementor-widget elementor-widget-heading\" data-id=\"3a010e0\" data-element_type=\"widget\" data-widget_type=\"heading.default\"><div class=\"elementor-widget-container\">Our website address is: <a href=\"https:\/\/i2physio.com\">https:\/\/i2physio.com<\/a><\/div><\/div><\/div><\/div><\/div><\/section><section class=\"elementor-section elementor-top-section elementor-element elementor-element-2d309990 elementor-section-boxed elementor-section-height-default elementor-section-height-default\" data-id=\"2d309990\" data-element_type=\"section\"><div class=\"elementor-container elementor-column-gap-default\"><div class=\"elementor-column elementor-col-100 elementor-top-column elementor-element elementor-element-3794cc06\" data-id=\"3794cc06\" data-element_type=\"column\"><div class=\"elementor-widget-wrap elementor-element-populated\"><p>The <b><i>International Institute of Physiotherapy <\/i><\/b>recognizes the importance of protecting your personal data, whatever its nature, and we value, above all, honesty and transparency, so that we can build a solid and lasting relationship with our customers, based on trust and mutual benefit. Therefore, and with the entry into force of the new General Data Protection Regulation of the European Union (EU 2016\/679), we have developed a set of security measures aimed at protecting your data, which we reflect in our Privacy Policy.<\/p><p>The purpose of this Privacy Policy is to explain to you the personal data processing policy of the <b><i>International Institute of Physiotherapy.<\/i><br \/><\/b>In order to browse the website and send emails via the form, you will need to accept our privacy policy as it is essential and imperative.<\/p><p>However, if you have any questions regarding this Policy, you can contact us at the following email address: <a href=\"mailto:geral@i2physio.com\">geral@i2physio.com<\/a>.<\/p><\/div><\/div><\/div><h3>\u00a0<\/h3><h3>COMPANY IDENTIFICATION<\/h3><p>1.1. This website and the corresponding privacy policy are managed by <b><br \/><i>International Institute of Physiotherapy<\/i><\/b>.<\/p><p>1.2. By browsing our website you are consenting to the terms described in this Privacy Policy.<\/p><\/section><h3>\u00a0<\/h3><h3>OUR PRINCIPLES<\/h3><h4>2.1. Respect for the client&#8217;s wishes<\/h4><p>We respect the privacy and security of your personal data, which is why we ensure that the client&#8217;s wishes are respected and that their privacy preferences are managed autonomously, freely and uncomplicatedly. Therefore, if you disagree with any point made in this Policy, you can object at any time by contacting us at the following email address: <a href=\"mailto:geral@i2physio.com\" data-auto-recognition=\"true\">geral@i2physio.com<\/a>. We will do everything possible to satisfy your wishes and respect your concerns.<\/p><h4>2.2. Good practices<\/h4><p>O <b><br \/><i>International Institute of Physiotherapy<\/i><br \/><\/b>as the personal data controller, determines the purposes and means by which your personal data is processed, including all applicable security measures. We guarantee that your personal data is processed in Portugal in a correct and lawful manner and in accordance with good practices.<\/p><h4>2.3. Strict necessity<\/h4><p>When processing data that can identify you personally, directly or indirectly, we apply the principle of strict necessity. For this reason, the use of your personal data will always be minimal, so as not to exceed the original purpose for which it was collected and\/or processed.<\/p><h3>\u00a0<\/h3><h3>\u00a0<\/h3><h3>COLLECTION AND PROCESSING OF PERSONAL DATA<\/h3><div>\u00a0<\/div><p>3.1. The personal data collected and processed by <b><br \/><i>Instituto Internacional de Fisioterapia<\/i><br \/><\/b> are only those that you expressly and unequivocally volunteer on the forms on this website.<\/p><h3>\u00a0<\/h3><h3>PURPOSE OF PROCESSING PERSONAL DATA<\/h3><div>\u00a0<\/div><p>4.1. Your personal data is collected and processed by the <b><br \/><i>Instituto Internacional de Fisioterapia<\/i><br \/><\/b> only for purposes strictly related to the use of this site, the services associated with it and the management and improvement of the Loyalty Program, direct marketing and customer support management.<\/p><p>4.2. O <b><br \/><i>International Institute of Physiotherapy<\/i><br \/><\/b>always seeks to maintain the relationship with its clients and provide them with the appropriate benefits, information and relevant content related to our brand. <b><br \/><i>International Institute of Physiotherapy<\/i><br \/><\/b>. Your data will only be processed for these specific, explicit and legitimate purposes and will not be processed in any way incompatible with them. The data collected and processed is adequate, relevant and not excessive in relation to these purposes.<\/p><p>4.3. However, your personal data may also be used for other processing operations within the limits of such applications. In particular, your personal data may be processed for the following purposes:<\/p><p>a) when you send an email via the contact form your personal data (e.g. email address, name);<\/p><p>b) when you request Customer Support assistance we collect your personal data (e.g. first and last name, e-mail address and\/or telephone number) only for the purpose of providing you with Customer Support services that are relevant to this site and to offer you the assistance you have requested;<\/p><p>c) when you browse our site, we collect cookies. Depending on your management of Cookies on our website and your interaction with us, we use some information collected by Cookies in order to ensure the proper functioning of the website. This information includes registration data, location data, the duration of your session, the products you have selected, your device, your browser and your IP address.<\/p><p>d) when you browse our website and subsequently visit platforms where there is an advertising format (social networks, google and other partners of these networks) you may be impacted by advertisements from our brand. We will also use the data to reach new potential customers who may be interested in our products.<\/p><h3>\u00a0<\/h3><h3>\u00a0<\/h3><h3>CONSENT<\/h3><div>\u00a0<\/div><p>5.1. Respect for the client&#8217;s wishes is one of the main concerns of the <b><br \/><i>International Institute of Physiotherapy<\/i><br \/><\/b> with regard to the processing of your personal data. Therefore, you will be asked for explicit and unequivocal consent for all data processing that is not strictly necessary for the purpose in question, such as the provision of services and shipment of purchased goods.<\/p><h3>\u00a0<\/h3><h3>YOUR RIGHTS<\/h3><div>\u00a0<\/div><p>6.1. To exercise your right to access, rectify, erase, forget or block your personal data, you can send a written communication to the following email address: <a href=\"mailto:geral@i2physio.com\" data-auto-recognition=\"true\">geral@i2physio.com<\/a><\/p><p>You can also do this using the online contact form.<\/p><h3>\u00a0<\/h3><h3>SECURITY<\/h3><p>7.1. O <b><br \/><i>International Institute of Physiotherapy<\/i><br \/><\/b>uses appropriate security measures to protect your personal data against accidental or unlawful destruction, accidental loss, alteration, unauthorized disclosure or access, and against any other form of unlawful processing. In addition, we contractually require trusted external entities that process your personal data for us to do the same.<\/p><p>7.2. However, the <b><br \/><i>International Institute of Physiotherapy<\/i><br \/><\/b>cannot guarantee that the security measures adopted for the protection of this site and for the transmission of data and information through this site will prevent or exclude any risk of unauthorized access or loss of data. We therefore advise that your computer be equipped with software devices that protect you when transmitting and receiving data (such as up-to-date antivirus systems), and that your browser take the appropriate measures to ensure security when transmitting data (such as firewalls and anti-spam filters).<\/p><h3>\u00a0<\/h3><h3>RETENTION AND PROCESSING PERIOD<\/h3><div>\u00a0<\/div><p>8.1. Your data is kept by <b><br \/><i>International Institute of Physiotherapy<\/i><br \/><\/b>For the purposes described herein, for as long as is necessary for the aforementioned purposes, unless the personal data in question is necessary to prove compliance with obligations, until the limitation period for the corresponding rights has elapsed, or if there is a longer data retention period imposed by law.<\/p><p>8.2. When your personal data is no longer needed, it will be removed from our systems and records or kept anonymously so that you cannot be identified from it.<\/p>\t\t\t\t\t\t\t\t<\/div>\n\t\t\t\t<\/div>\n\t\t\t\t\t<\/div>\n\t\t<\/div>\n\t\t\t\t\t<\/div>\n\t\t<\/section>\n\t\t\t\t<\/div>\n\t\t","protected":false},"excerpt":{"rendered":"<p>Privacy Policy Our website address is: https:\/\/i2physio.com The International Institute of Physiotherapy recognizes the importance of protecting your personal data, whatever its [&hellip;]<\/p>\n","protected":false},"author":1,"featured_media":0,"parent":0,"menu_order":0,"comment_status":"closed","ping_status":"closed","template":"page-templates\/page_fullwidth.php","meta":{"footnotes":""},"class_list":["post-839","page","type-page","status-publish","hentry"],"yoast_head":"<!-- This site is optimized with the Yoast SEO plugin v24.8 - https:\/\/yoast.com\/wordpress\/plugins\/seo\/ -->\n<title>Privacy Policy - Instituto Internacional de Fisioterapia<\/title>\n<meta name=\"robots\" content=\"index, follow, max-snippet:-1, max-image-preview:large, max-video-preview:-1\" \/>\n<link rel=\"canonical\" href=\"https:\/\/i2physio.com\/en\/privacy-policy\/\" \/>\n<meta property=\"og:locale\" content=\"en_US\" \/>\n<meta property=\"og:type\" content=\"article\" \/>\n<meta property=\"og:title\" content=\"Privacy Policy - Instituto Internacional de Fisioterapia\" \/>\n<meta property=\"og:description\" content=\"Privacy Policy Our website address is: https:\/\/i2physio.com The International Institute of Physiotherapy recognizes the importance of protecting your personal data, whatever its [&hellip;]\" \/>\n<meta property=\"og:url\" content=\"https:\/\/i2physio.com\/en\/privacy-policy\/\" \/>\n<meta property=\"og:site_name\" content=\"Instituto Internacional de Fisioterapia\" \/>\n<meta property=\"article:modified_time\" content=\"2023-09-25T10:27:18+00:00\" \/>\n<meta property=\"og:image\" content=\"https:\/\/i2physio.com\/wp-content\/uploads\/2023\/09\/IF_yoast.jpg\" \/>\n\t<meta property=\"og:image:width\" content=\"1440\" \/>\n\t<meta property=\"og:image:height\" content=\"790\" \/>\n\t<meta property=\"og:image:type\" content=\"image\/jpeg\" \/>\n<meta name=\"twitter:card\" content=\"summary_large_image\" \/>\n<meta name=\"twitter:label1\" content=\"Est. reading time\" \/>\n\t<meta name=\"twitter:data1\" content=\"5 minutes\" \/>\n<script type=\"application\/ld+json\" class=\"yoast-schema-graph\">{\"@context\":\"https:\/\/schema.org\",\"@graph\":[{\"@type\":\"WebPage\",\"@id\":\"https:\/\/i2physio.com\/en\/privacy-policy\/\",\"url\":\"https:\/\/i2physio.com\/en\/privacy-policy\/\",\"name\":\"Privacy Policy - Instituto Internacional de Fisioterapia\",\"isPartOf\":{\"@id\":\"https:\/\/i2physio.com\/en\/#website\"},\"datePublished\":\"2023-08-14T16:42:00+00:00\",\"dateModified\":\"2023-09-25T10:27:18+00:00\",\"breadcrumb\":{\"@id\":\"https:\/\/i2physio.com\/en\/privacy-policy\/#breadcrumb\"},\"inLanguage\":\"en-US\",\"potentialAction\":[{\"@type\":\"ReadAction\",\"target\":[\"https:\/\/i2physio.com\/en\/privacy-policy\/\"]}]},{\"@type\":\"BreadcrumbList\",\"@id\":\"https:\/\/i2physio.com\/en\/privacy-policy\/#breadcrumb\",\"itemListElement\":[{\"@type\":\"ListItem\",\"position\":1,\"name\":\"In\u00edcio\",\"item\":\"https:\/\/i2physio.com\/en\/\"},{\"@type\":\"ListItem\",\"position\":2,\"name\":\"Privacy Policy\"}]},{\"@type\":\"WebSite\",\"@id\":\"https:\/\/i2physio.com\/en\/#website\",\"url\":\"https:\/\/i2physio.com\/en\/\",\"name\":\"Instituto Internacional de Fisioterapia\",\"description\":\"De acordo com a WCPT, a Fisioterapia \u00e9 um servi\u00e7o prestado pelos fisioterapeutas a indiv\u00edduos ou popula\u00e7\u00f5es visando desenvolver, manter e recuperar a sua capacidade funcional m\u00e1xima ao longo da vida.\",\"publisher\":{\"@id\":\"https:\/\/i2physio.com\/en\/#organization\"},\"alternateName\":\"Instituto Internacional de Fisioterapia\",\"potentialAction\":[{\"@type\":\"SearchAction\",\"target\":{\"@type\":\"EntryPoint\",\"urlTemplate\":\"https:\/\/i2physio.com\/en\/?s={search_term_string}\"},\"query-input\":{\"@type\":\"PropertyValueSpecification\",\"valueRequired\":true,\"valueName\":\"search_term_string\"}}],\"inLanguage\":\"en-US\"},{\"@type\":\"Organization\",\"@id\":\"https:\/\/i2physio.com\/en\/#organization\",\"name\":\"Instituto Internacional de Fisioterapia\",\"url\":\"https:\/\/i2physio.com\/en\/\",\"logo\":{\"@type\":\"ImageObject\",\"inLanguage\":\"en-US\",\"@id\":\"https:\/\/i2physio.com\/en\/#\/schema\/logo\/image\/\",\"url\":\"https:\/\/i2physio.com\/wp-content\/uploads\/2023\/08\/cropped-if_icon.png\",\"contentUrl\":\"https:\/\/i2physio.com\/wp-content\/uploads\/2023\/08\/cropped-if_icon.png\",\"width\":512,\"height\":512,\"caption\":\"Instituto Internacional de Fisioterapia\"},\"image\":{\"@id\":\"https:\/\/i2physio.com\/en\/#\/schema\/logo\/image\/\"}}]}<\/script>\n<!-- \/ Yoast SEO plugin. -->","yoast_head_json":{"title":"Privacy Policy - Instituto Internacional de Fisioterapia","robots":{"index":"index","follow":"follow","max-snippet":"max-snippet:-1","max-image-preview":"max-image-preview:large","max-video-preview":"max-video-preview:-1"},"canonical":"https:\/\/i2physio.com\/en\/privacy-policy\/","og_locale":"en_US","og_type":"article","og_title":"Privacy Policy - Instituto Internacional de Fisioterapia","og_description":"Privacy Policy Our website address is: https:\/\/i2physio.com The International Institute of Physiotherapy recognizes the importance of protecting your personal data, whatever its [&hellip;]","og_url":"https:\/\/i2physio.com\/en\/privacy-policy\/","og_site_name":"Instituto Internacional de Fisioterapia","article_modified_time":"2023-09-25T10:27:18+00:00","og_image":[{"width":1440,"height":790,"url":"https:\/\/i2physio.com\/wp-content\/uploads\/2023\/09\/IF_yoast.jpg","type":"image\/jpeg"}],"twitter_card":"summary_large_image","twitter_misc":{"Est. reading time":"5 minutes"},"schema":{"@context":"https:\/\/schema.org","@graph":[{"@type":"WebPage","@id":"https:\/\/i2physio.com\/en\/privacy-policy\/","url":"https:\/\/i2physio.com\/en\/privacy-policy\/","name":"Privacy Policy - Instituto Internacional de Fisioterapia","isPartOf":{"@id":"https:\/\/i2physio.com\/en\/#website"},"datePublished":"2023-08-14T16:42:00+00:00","dateModified":"2023-09-25T10:27:18+00:00","breadcrumb":{"@id":"https:\/\/i2physio.com\/en\/privacy-policy\/#breadcrumb"},"inLanguage":"en-US","potentialAction":[{"@type":"ReadAction","target":["https:\/\/i2physio.com\/en\/privacy-policy\/"]}]},{"@type":"BreadcrumbList","@id":"https:\/\/i2physio.com\/en\/privacy-policy\/#breadcrumb","itemListElement":[{"@type":"ListItem","position":1,"name":"In\u00edcio","item":"https:\/\/i2physio.com\/en\/"},{"@type":"ListItem","position":2,"name":"Privacy Policy"}]},{"@type":"WebSite","@id":"https:\/\/i2physio.com\/en\/#website","url":"https:\/\/i2physio.com\/en\/","name":"Instituto Internacional de Fisioterapia","description":"De acordo com a WCPT, a Fisioterapia \u00e9 um servi\u00e7o prestado pelos fisioterapeutas a indiv\u00edduos ou popula\u00e7\u00f5es visando desenvolver, manter e recuperar a sua capacidade funcional m\u00e1xima ao longo da vida.","publisher":{"@id":"https:\/\/i2physio.com\/en\/#organization"},"alternateName":"Instituto Internacional de Fisioterapia","potentialAction":[{"@type":"SearchAction","target":{"@type":"EntryPoint","urlTemplate":"https:\/\/i2physio.com\/en\/?s={search_term_string}"},"query-input":{"@type":"PropertyValueSpecification","valueRequired":true,"valueName":"search_term_string"}}],"inLanguage":"en-US"},{"@type":"Organization","@id":"https:\/\/i2physio.com\/en\/#organization","name":"Instituto Internacional de Fisioterapia","url":"https:\/\/i2physio.com\/en\/","logo":{"@type":"ImageObject","inLanguage":"en-US","@id":"https:\/\/i2physio.com\/en\/#\/schema\/logo\/image\/","url":"https:\/\/i2physio.com\/wp-content\/uploads\/2023\/08\/cropped-if_icon.png","contentUrl":"https:\/\/i2physio.com\/wp-content\/uploads\/2023\/08\/cropped-if_icon.png","width":512,"height":512,"caption":"Instituto Internacional de Fisioterapia"},"image":{"@id":"https:\/\/i2physio.com\/en\/#\/schema\/logo\/image\/"}}]}},"_links":{"self":[{"href":"https:\/\/i2physio.com\/en\/wp-json\/wp\/v2\/pages\/839","targetHints":{"allow":["GET"]}}],"collection":[{"href":"https:\/\/i2physio.com\/en\/wp-json\/wp\/v2\/pages"}],"about":[{"href":"https:\/\/i2physio.com\/en\/wp-json\/wp\/v2\/types\/page"}],"author":[{"embeddable":true,"href":"https:\/\/i2physio.com\/en\/wp-json\/wp\/v2\/users\/1"}],"replies":[{"embeddable":true,"href":"https:\/\/i2physio.com\/en\/wp-json\/wp\/v2\/comments?post=839"}],"version-history":[{"count":12,"href":"https:\/\/i2physio.com\/en\/wp-json\/wp\/v2\/pages\/839\/revisions"}],"predecessor-version":[{"id":982,"href":"https:\/\/i2physio.com\/en\/wp-json\/wp\/v2\/pages\/839\/revisions\/982"}],"wp:attachment":[{"href":"https:\/\/i2physio.com\/en\/wp-json\/wp\/v2\/media?parent=839"}],"curies":[{"name":"wp","href":"https:\/\/api.w.org\/{rel}","templated":true}]}}