{"id":832,"date":"2023-08-16T08:20:32","date_gmt":"2023-08-16T08:20:32","guid":{"rendered":"https:\/\/i2physio.com\/about-us\/"},"modified":"2023-10-19T09:27:45","modified_gmt":"2023-10-19T09:27:45","slug":"about-us","status":"publish","type":"page","link":"https:\/\/i2physio.com\/en\/about-us\/","title":{"rendered":"About Us"},"content":{"rendered":"\t\t<div data-elementor-type=\"wp-page\" data-elementor-id=\"832\" class=\"elementor elementor-832 elementor-10\" data-elementor-post-type=\"page\">\n\t\t\t\t\t\t<section class=\"elementor-section elementor-top-section elementor-element elementor-element-645a91f elementor-section-full_width elementor-section-height-min-height elementor-section-content-middle elementor-section-stretched elementor-section-height-default elementor-section-items-middle\" data-id=\"645a91f\" data-element_type=\"section\" data-settings=\"{&quot;stretch_section&quot;:&quot;section-stretched&quot;,&quot;background_background&quot;:&quot;slideshow&quot;,&quot;background_slideshow_gallery&quot;:[{&quot;id&quot;:788,&quot;url&quot;:&quot;https:\\\/\\\/i2physio.com\\\/wp-content\\\/uploads\\\/2023\\\/08\\\/desfocado-de-pessoas-que-se-encontram-a-mesa-empresarios-conversando-em-um-escritorio-moderno-generativo-ai-1-1.webp&quot;},{&quot;id&quot;:787,&quot;url&quot;:&quot;https:\\\/\\\/i2physio.com\\\/wp-content\\\/uploads\\\/2023\\\/08\\\/desfocado-de-pessoas-que-se-encontram-a-mesa-empresarios-conversando-em-um-escritorio-moderno-generativo-ai-1.webp&quot;}],&quot;background_slideshow_slide_duration&quot;:20000,&quot;background_slideshow_transition_duration&quot;:400,&quot;background_slideshow_ken_burns&quot;:&quot;yes&quot;,&quot;background_slideshow_loop&quot;:&quot;yes&quot;,&quot;background_slideshow_slide_transition&quot;:&quot;fade&quot;,&quot;background_slideshow_ken_burns_zoom_direction&quot;:&quot;in&quot;}\">\n\t\t\t\t\t\t\t<div class=\"elementor-background-overlay\"><\/div>\n\t\t\t\t\t\t\t<div class=\"elementor-container elementor-column-gap-no\">\n\t\t\t\t\t<div class=\"elementor-column elementor-col-100 elementor-top-column elementor-element elementor-element-7c956ce\" data-id=\"7c956ce\" data-element_type=\"column\">\n\t\t\t<div class=\"elementor-widget-wrap elementor-element-populated\">\n\t\t\t\t\t\t<div class=\"elementor-element elementor-element-1aea980 elementor-hidden-tablet elementor-hidden-mobile elementor-widget elementor-widget-heading\" data-id=\"1aea980\" data-element_type=\"widget\" data-widget_type=\"heading.default\">\n\t\t\t\t<div class=\"elementor-widget-container\">\n\t\t\t\t\t<h1 class=\"elementor-heading-title elementor-size-default\">About Us<\/h1>\t\t\t\t<\/div>\n\t\t\t\t<\/div>\n\t\t\t\t<div class=\"elementor-element elementor-element-84a405c elementor-hidden-desktop elementor-widget elementor-widget-heading\" data-id=\"84a405c\" data-element_type=\"widget\" data-widget_type=\"heading.default\">\n\t\t\t\t<div class=\"elementor-widget-container\">\n\t\t\t\t\t<h1 class=\"elementor-heading-title elementor-size-default\">About Us<\/h1>\t\t\t\t<\/div>\n\t\t\t\t<\/div>\n\t\t\t\t\t<\/div>\n\t\t<\/div>\n\t\t\t\t\t<\/div>\n\t\t<\/section>\n\t\t\t\t<section class=\"elementor-section elementor-top-section elementor-element elementor-element-dcc62ae elementor-section-boxed elementor-section-height-default elementor-section-height-default\" data-id=\"dcc62ae\" data-element_type=\"section\">\n\t\t\t\t\t\t<div class=\"elementor-container elementor-column-gap-default\">\n\t\t\t\t\t<div class=\"elementor-column elementor-col-100 elementor-top-column elementor-element elementor-element-ce85570\" data-id=\"ce85570\" data-element_type=\"column\">\n\t\t\t<div class=\"elementor-widget-wrap elementor-element-populated\">\n\t\t\t\t\t\t<div class=\"elementor-element elementor-element-831c8cd elementor-widget elementor-widget-menu-anchor\" data-id=\"831c8cd\" data-element_type=\"widget\" data-widget_type=\"menu-anchor.default\">\n\t\t\t\t<div class=\"elementor-widget-container\">\n\t\t\t\t\t\t\t<div class=\"elementor-menu-anchor\" id=\"missionobj\"><\/div>\n\t\t\t\t\t\t<\/div>\n\t\t\t\t<\/div>\n\t\t\t\t\t<\/div>\n\t\t<\/div>\n\t\t\t\t\t<\/div>\n\t\t<\/section>\n\t\t\t\t<section class=\"elementor-section elementor-top-section elementor-element elementor-element-8c94d5c elementor-section-boxed elementor-section-height-default elementor-section-height-default\" data-id=\"8c94d5c\" data-element_type=\"section\">\n\t\t\t\t\t\t<div class=\"elementor-container elementor-column-gap-default\">\n\t\t\t\t\t<div class=\"elementor-column elementor-col-100 elementor-top-column elementor-element elementor-element-aa80579\" data-id=\"aa80579\" data-element_type=\"column\">\n\t\t\t<div class=\"elementor-widget-wrap elementor-element-populated\">\n\t\t\t\t\t\t<div class=\"elementor-element elementor-element-5dd312f elementor-widget elementor-widget-heading\" data-id=\"5dd312f\" data-element_type=\"widget\" data-widget_type=\"heading.default\">\n\t\t\t\t<div class=\"elementor-widget-container\">\n\t\t\t\t\t<h1 class=\"elementor-heading-title elementor-size-default\">Mission and Goals<\/h1>\t\t\t\t<\/div>\n\t\t\t\t<\/div>\n\t\t\t\t<div class=\"elementor-element elementor-element-b262d28 elementor-widget elementor-widget-text-editor\" data-id=\"b262d28\" data-element_type=\"widget\" data-widget_type=\"text-editor.default\">\n\t\t\t\t<div class=\"elementor-widget-container\">\n\t\t\t\t\t\t\t\t\t<p>According to the WCPT, Physiotherapy is a service provided by physiotherapists to individuals or populations aiming to develop, maintain and recover their maximum functional capacity throughout life.<\/p>\t\t\t\t\t\t\t\t<\/div>\n\t\t\t\t<\/div>\n\t\t\t\t<div class=\"elementor-element elementor-element-d808206 elementor-widget elementor-widget-text-editor\" data-id=\"d808206\" data-element_type=\"widget\" data-widget_type=\"text-editor.default\">\n\t\t\t\t<div class=\"elementor-widget-container\">\n\t\t\t\t\t\t\t\t\t<p>The service is provided in circumstances where movement and function are threatened by age, injury, pain, pathologies, disorders, conditions and\/or environmental factors, with the perception that functional movement is central to the notion of health.<\/p>\t\t\t\t\t\t\t\t<\/div>\n\t\t\t\t<\/div>\n\t\t\t\t<div class=\"elementor-element elementor-element-894081c elementor-widget elementor-widget-text-editor\" data-id=\"894081c\" data-element_type=\"widget\" data-widget_type=\"text-editor.default\">\n\t\t\t\t<div class=\"elementor-widget-container\">\n\t\t\t\t\t\t\t\t\t<p>Physiotherapy involves interaction between the therapist, patients\/clients, other healthcare professionals, families, caregivers, and communities in a process where movement execution potential is examined, and goals defined using the Physiotherapist&#8217;s unique knowledge and skills. These aim to identify and maximize quality of life and movement, encompassing key points such as promotion, prevention, treatment\/intervention, and rehabilitation, for which the relationship between the physical, psychological, emotional and well-being condition is crucial.<\/p>\t\t\t\t\t\t\t\t<\/div>\n\t\t\t\t<\/div>\n\t\t\t\t<div class=\"elementor-element elementor-element-dfaa431 elementor-widget elementor-widget-text-editor\" data-id=\"dfaa431\" data-element_type=\"widget\" data-widget_type=\"text-editor.default\">\n\t\t\t\t<div class=\"elementor-widget-container\">\n\t\t\t\t\t\t\t\t\t<p>Physiotherapy involves interaction between the physiotherapist, patients\/clients, other health professionals, families, caregivers and communities in a process in which movement execution potential is examined and goals defined using the physiotherapist&#8217;s unique knowledge and skills. These aim to identify and maximize quality of life and movement, encompassing key points such as promotion, prevention, treatment\/intervention and rehabilitation, with the relationship between the physical, psychological and emotional components and well-being being crucial.<\/p>\n\t\t\t\t\t\t\t\t<\/div>\n\t\t\t\t<\/div>\n\t\t\t\t<div class=\"elementor-element elementor-element-05e518d elementor-widget elementor-widget-text-editor\" data-id=\"05e518d\" data-element_type=\"widget\" data-widget_type=\"text-editor.default\">\n\t\t\t\t<div class=\"elementor-widget-container\">\n\t\t\t\t\t\t\t\t\t<p>In this way, the IPI\u2019s main function will be to improve people&#8217;s quality of life, as well as the competitiveness of companies that offer products and services aimed at citizens\/patients. On the other hand, it will aim to study the behavior of the human body and its relationship with the products, environment and services that people use, as well as improve people&#8217;s quality of life, allowing them to work more efficiently and with the least possible absenteeism. It also aims to improve the competitiveness of companies, providing them with technology or even designing together unique equipment on the market.<\/p>\t\t\t\t\t\t\t\t<\/div>\n\t\t\t\t<\/div>\n\t\t\t\t<div class=\"elementor-element elementor-element-49df61a elementor-widget elementor-widget-text-editor\" data-id=\"49df61a\" data-element_type=\"widget\" data-widget_type=\"text-editor.default\">\n\t\t\t\t<div class=\"elementor-widget-container\">\n\t\t\t\t\t\t\t\t\t<p>Thus, it will combine knowledge from Physiotherapy, biomechanics, physiology, ergonomics, and engineering (including emotional engineering) and apply it in very different areas with the aim of improving the competitiveness of the business fabric through the well-being of people.<\/p>\t\t\t\t\t\t\t\t<\/div>\n\t\t\t\t<\/div>\n\t\t\t\t<div class=\"elementor-element elementor-element-030d20f elementor-widget elementor-widget-text-editor\" data-id=\"030d20f\" data-element_type=\"widget\" data-widget_type=\"text-editor.default\">\n\t\t\t\t<div class=\"elementor-widget-container\">\n\t\t\t\t\t\t\t\t\t<p>The promotion and practice of scientific research, technological development, technical advice, and training in biomechanics will be working objectives. In this way, its mission will be to develop scientific and technological activities in biomechanics and related areas of knowledge for their social and economic use.<\/p>\t\t\t\t\t\t\t\t<\/div>\n\t\t\t\t<\/div>\n\t\t\t\t<div class=\"elementor-element elementor-element-59e416c elementor-widget elementor-widget-text-editor\" data-id=\"59e416c\" data-element_type=\"widget\" data-widget_type=\"text-editor.default\">\n\t\t\t\t<div class=\"elementor-widget-container\">\n\t\t\t\t\t\t\t\t\t<p>We will aim to offer services and products aimed at citizens in a generic way, generating and transferring knowledge related to health and well-being technologies.<\/p>\t\t\t\t\t\t\t\t<\/div>\n\t\t\t\t<\/div>\n\t\t\t\t\t<\/div>\n\t\t<\/div>\n\t\t\t\t\t<\/div>\n\t\t<\/section>\n\t\t\t\t<section class=\"elementor-section elementor-top-section elementor-element elementor-element-aa3f9d6 elementor-section-full_width elementor-section-stretched elementor-section-height-default elementor-section-height-default\" data-id=\"aa3f9d6\" data-element_type=\"section\" data-settings=\"{&quot;stretch_section&quot;:&quot;section-stretched&quot;}\">\n\t\t\t\t\t\t<div class=\"elementor-container elementor-column-gap-no\">\n\t\t\t\t\t<div class=\"elementor-column elementor-col-50 elementor-top-column elementor-element elementor-element-2fb8951\" data-id=\"2fb8951\" data-element_type=\"column\">\n\t\t\t<div class=\"elementor-widget-wrap elementor-element-populated\">\n\t\t\t\t\t\t<div class=\"elementor-element elementor-element-6a6167d elementor-flip-box--effect-fade elementor-widget elementor-widget-flip-box\" data-id=\"6a6167d\" data-element_type=\"widget\" data-widget_type=\"flip-box.default\">\n\t\t\t\t<div class=\"elementor-widget-container\">\n\t\t\t\t\t\t\t<div class=\"elementor-flip-box\" tabindex=\"0\">\n\t\t\t<div class=\"elementor-flip-box__layer elementor-flip-box__front\">\n\t\t\t\t<div class=\"elementor-flip-box__layer__overlay\">\n\t\t\t\t\t<div class=\"elementor-flip-box__layer__inner\">\n\t\t\t\t\t\t\n\t\t\t\t\t\t\t\t\t\t\t\t\t<h3 class=\"elementor-flip-box__layer__title\">\n\t\t\t\t\t\t\t\tMembers\t\t\t\t\t\t\t<\/h3>\n\t\t\t\t\t\t\n\t\t\t\t\t\t\t\t\t\t\t<\/div>\n\t\t\t\t<\/div>\n\t\t\t<\/div>\n\t\t\t<a class=\"elementor-flip-box__layer elementor-flip-box__back\" href=\"https:\/\/i2physio.com\/sobre-nos\/membros\/\">\n\t\t\t<div class=\"elementor-flip-box__layer__overlay\">\n\t\t\t\t<div class=\"elementor-flip-box__layer__inner\">\n\t\t\t\t\t\n\t\t\t\t\t\n\t\t\t\t\t\t\t\t\t\t\t<span class=\"elementor-flip-box__button elementor-button elementor-size-xl\">\n\t\t\t\t\t\t\t   \t\t\t\t\t\t<\/span>\n\t\t\t\t\t\t\t\t<\/div>\n\t\t<\/div>\n\t\t<\/a>\n\t\t<\/div>\n\t\t\t\t\t\t<\/div>\n\t\t\t\t<\/div>\n\t\t\t\t\t<\/div>\n\t\t<\/div>\n\t\t\t\t<div class=\"elementor-column elementor-col-50 elementor-top-column elementor-element elementor-element-bc5c31f\" data-id=\"bc5c31f\" data-element_type=\"column\">\n\t\t\t<div class=\"elementor-widget-wrap elementor-element-populated\">\n\t\t\t\t\t\t<div class=\"elementor-element elementor-element-bd2c30d elementor-flip-box--effect-fade elementor-widget elementor-widget-flip-box\" data-id=\"bd2c30d\" data-element_type=\"widget\" data-widget_type=\"flip-box.default\">\n\t\t\t\t<div class=\"elementor-widget-container\">\n\t\t\t\t\t\t\t<div class=\"elementor-flip-box\" tabindex=\"0\">\n\t\t\t<div class=\"elementor-flip-box__layer elementor-flip-box__front\">\n\t\t\t\t<div class=\"elementor-flip-box__layer__overlay\">\n\t\t\t\t\t<div class=\"elementor-flip-box__layer__inner\">\n\t\t\t\t\t\t\n\t\t\t\t\t\t\t\t\t\t\t\t\t<h3 class=\"elementor-flip-box__layer__title\">\n\t\t\t\t\t\t\t\tInternal statutes\t\t\t\t\t\t\t<\/h3>\n\t\t\t\t\t\t\n\t\t\t\t\t\t\t\t\t\t\t<\/div>\n\t\t\t\t<\/div>\n\t\t\t<\/div>\n\t\t\t<a class=\"elementor-flip-box__layer elementor-flip-box__back\" href=\"https:\/\/i2physio.com\/sobre-nos\/estatutos-internos\/\">\n\t\t\t<div class=\"elementor-flip-box__layer__overlay\">\n\t\t\t\t<div class=\"elementor-flip-box__layer__inner\">\n\t\t\t\t\t\n\t\t\t\t\t\n\t\t\t\t\t\t\t\t\t\t\t<span class=\"elementor-flip-box__button elementor-button elementor-size-xl\">\n\t\t\t\t\t\t\t    \t\t\t\t\t\t<\/span>\n\t\t\t\t\t\t\t\t<\/div>\n\t\t<\/div>\n\t\t<\/a>\n\t\t<\/div>\n\t\t\t\t\t\t<\/div>\n\t\t\t\t<\/div>\n\t\t\t\t\t<\/div>\n\t\t<\/div>\n\t\t\t\t\t<\/div>\n\t\t<\/section>\n\t\t\t\t<\/div>\n\t\t","protected":false},"excerpt":{"rendered":"<p>About Us About Us Mission and Goals According to the WCPT, Physiotherapy is a service provided by physiotherapists to individuals or populations [&hellip;]<\/p>\n","protected":false},"author":2,"featured_media":0,"parent":0,"menu_order":0,"comment_status":"closed","ping_status":"closed","template":"page-templates\/page_fullwidth.php","meta":{"footnotes":""},"class_list":["post-832","page","type-page","status-publish","hentry"],"yoast_head":"<!-- This site is optimized with the Yoast SEO plugin v24.8 - https:\/\/yoast.com\/wordpress\/plugins\/seo\/ -->\n<title>About Us - Instituto Internacional de Fisioterapia - Mission and Objectives<\/title>\n<meta name=\"description\" content=\"The service is provided in circumstances where movement and function are threatened by age, injury, pain, pathologies, disorders, conditions and\/or environmental factors, with the realization that functional movement is central to the notion of health.\" \/>\n<meta name=\"robots\" content=\"index, follow, max-snippet:-1, max-image-preview:large, max-video-preview:-1\" \/>\n<link rel=\"canonical\" href=\"https:\/\/i2physio.com\/en\/about-us\/\" \/>\n<meta property=\"og:locale\" content=\"en_US\" \/>\n<meta property=\"og:type\" content=\"article\" \/>\n<meta property=\"og:title\" content=\"About Us - Instituto Internacional de Fisioterapia - Mission and Objectives\" \/>\n<meta property=\"og:description\" content=\"The service is provided in circumstances where movement and function are threatened by age, injury, pain, pathologies, disorders, conditions and\/or environmental factors, with the realization that functional movement is central to the notion of health.\" \/>\n<meta property=\"og:url\" content=\"https:\/\/i2physio.com\/en\/about-us\/\" \/>\n<meta property=\"og:site_name\" content=\"Instituto Internacional de Fisioterapia\" \/>\n<meta property=\"article:modified_time\" content=\"2023-10-19T09:27:45+00:00\" \/>\n<meta property=\"og:image\" content=\"https:\/\/i2physio.com\/wp-content\/uploads\/2023\/09\/IF_yoast.jpg\" \/>\n\t<meta property=\"og:image:width\" content=\"1440\" \/>\n\t<meta property=\"og:image:height\" content=\"790\" \/>\n\t<meta property=\"og:image:type\" content=\"image\/jpeg\" \/>\n<meta name=\"twitter:card\" content=\"summary_large_image\" \/>\n<meta name=\"twitter:label1\" content=\"Est. reading time\" \/>\n\t<meta name=\"twitter:data1\" content=\"2 minutes\" \/>\n<script type=\"application\/ld+json\" class=\"yoast-schema-graph\">{\"@context\":\"https:\/\/schema.org\",\"@graph\":[{\"@type\":\"WebPage\",\"@id\":\"https:\/\/i2physio.com\/en\/about-us\/\",\"url\":\"https:\/\/i2physio.com\/en\/about-us\/\",\"name\":\"About Us - Instituto Internacional de Fisioterapia - Mission and Objectives\",\"isPartOf\":{\"@id\":\"https:\/\/i2physio.com\/en\/#website\"},\"datePublished\":\"2023-08-16T08:20:32+00:00\",\"dateModified\":\"2023-10-19T09:27:45+00:00\",\"description\":\"The service is provided in circumstances where movement and function are threatened by age, injury, pain, pathologies, disorders, conditions and\/or environmental factors, with the realization that functional movement is central to the notion of health.\",\"breadcrumb\":{\"@id\":\"https:\/\/i2physio.com\/en\/about-us\/#breadcrumb\"},\"inLanguage\":\"en-US\",\"potentialAction\":[{\"@type\":\"ReadAction\",\"target\":[\"https:\/\/i2physio.com\/en\/about-us\/\"]}]},{\"@type\":\"BreadcrumbList\",\"@id\":\"https:\/\/i2physio.com\/en\/about-us\/#breadcrumb\",\"itemListElement\":[{\"@type\":\"ListItem\",\"position\":1,\"name\":\"In\u00edcio\",\"item\":\"https:\/\/i2physio.com\/en\/\"},{\"@type\":\"ListItem\",\"position\":2,\"name\":\"About Us\"}]},{\"@type\":\"WebSite\",\"@id\":\"https:\/\/i2physio.com\/en\/#website\",\"url\":\"https:\/\/i2physio.com\/en\/\",\"name\":\"Instituto Internacional de Fisioterapia\",\"description\":\"De acordo com a WCPT, a Fisioterapia \u00e9 um servi\u00e7o prestado pelos fisioterapeutas a indiv\u00edduos ou popula\u00e7\u00f5es visando desenvolver, manter e recuperar a sua capacidade funcional m\u00e1xima ao longo da vida.\",\"publisher\":{\"@id\":\"https:\/\/i2physio.com\/en\/#organization\"},\"alternateName\":\"Instituto Internacional de Fisioterapia\",\"potentialAction\":[{\"@type\":\"SearchAction\",\"target\":{\"@type\":\"EntryPoint\",\"urlTemplate\":\"https:\/\/i2physio.com\/en\/?s={search_term_string}\"},\"query-input\":{\"@type\":\"PropertyValueSpecification\",\"valueRequired\":true,\"valueName\":\"search_term_string\"}}],\"inLanguage\":\"en-US\"},{\"@type\":\"Organization\",\"@id\":\"https:\/\/i2physio.com\/en\/#organization\",\"name\":\"Instituto Internacional de Fisioterapia\",\"url\":\"https:\/\/i2physio.com\/en\/\",\"logo\":{\"@type\":\"ImageObject\",\"inLanguage\":\"en-US\",\"@id\":\"https:\/\/i2physio.com\/en\/#\/schema\/logo\/image\/\",\"url\":\"https:\/\/i2physio.com\/wp-content\/uploads\/2023\/08\/cropped-if_icon.png\",\"contentUrl\":\"https:\/\/i2physio.com\/wp-content\/uploads\/2023\/08\/cropped-if_icon.png\",\"width\":512,\"height\":512,\"caption\":\"Instituto Internacional de Fisioterapia\"},\"image\":{\"@id\":\"https:\/\/i2physio.com\/en\/#\/schema\/logo\/image\/\"}}]}<\/script>\n<!-- \/ Yoast SEO plugin. -->","yoast_head_json":{"title":"About Us - Instituto Internacional de Fisioterapia - Mission and Objectives","description":"The service is provided in circumstances where movement and function are threatened by age, injury, pain, pathologies, disorders, conditions and\/or environmental factors, with the realization that functional movement is central to the notion of health.","robots":{"index":"index","follow":"follow","max-snippet":"max-snippet:-1","max-image-preview":"max-image-preview:large","max-video-preview":"max-video-preview:-1"},"canonical":"https:\/\/i2physio.com\/en\/about-us\/","og_locale":"en_US","og_type":"article","og_title":"About Us - Instituto Internacional de Fisioterapia - Mission and Objectives","og_description":"The service is provided in circumstances where movement and function are threatened by age, injury, pain, pathologies, disorders, conditions and\/or environmental factors, with the realization that functional movement is central to the notion of health.","og_url":"https:\/\/i2physio.com\/en\/about-us\/","og_site_name":"Instituto Internacional de Fisioterapia","article_modified_time":"2023-10-19T09:27:45+00:00","og_image":[{"width":1440,"height":790,"url":"https:\/\/i2physio.com\/wp-content\/uploads\/2023\/09\/IF_yoast.jpg","type":"image\/jpeg"}],"twitter_card":"summary_large_image","twitter_misc":{"Est. reading time":"2 minutes"},"schema":{"@context":"https:\/\/schema.org","@graph":[{"@type":"WebPage","@id":"https:\/\/i2physio.com\/en\/about-us\/","url":"https:\/\/i2physio.com\/en\/about-us\/","name":"About Us - Instituto Internacional de Fisioterapia - Mission and Objectives","isPartOf":{"@id":"https:\/\/i2physio.com\/en\/#website"},"datePublished":"2023-08-16T08:20:32+00:00","dateModified":"2023-10-19T09:27:45+00:00","description":"The service is provided in circumstances where movement and function are threatened by age, injury, pain, pathologies, disorders, conditions and\/or environmental factors, with the realization that functional movement is central to the notion of health.","breadcrumb":{"@id":"https:\/\/i2physio.com\/en\/about-us\/#breadcrumb"},"inLanguage":"en-US","potentialAction":[{"@type":"ReadAction","target":["https:\/\/i2physio.com\/en\/about-us\/"]}]},{"@type":"BreadcrumbList","@id":"https:\/\/i2physio.com\/en\/about-us\/#breadcrumb","itemListElement":[{"@type":"ListItem","position":1,"name":"In\u00edcio","item":"https:\/\/i2physio.com\/en\/"},{"@type":"ListItem","position":2,"name":"About Us"}]},{"@type":"WebSite","@id":"https:\/\/i2physio.com\/en\/#website","url":"https:\/\/i2physio.com\/en\/","name":"Instituto Internacional de Fisioterapia","description":"De acordo com a WCPT, a Fisioterapia \u00e9 um servi\u00e7o prestado pelos fisioterapeutas a indiv\u00edduos ou popula\u00e7\u00f5es visando desenvolver, manter e recuperar a sua capacidade funcional m\u00e1xima ao longo da vida.","publisher":{"@id":"https:\/\/i2physio.com\/en\/#organization"},"alternateName":"Instituto Internacional de Fisioterapia","potentialAction":[{"@type":"SearchAction","target":{"@type":"EntryPoint","urlTemplate":"https:\/\/i2physio.com\/en\/?s={search_term_string}"},"query-input":{"@type":"PropertyValueSpecification","valueRequired":true,"valueName":"search_term_string"}}],"inLanguage":"en-US"},{"@type":"Organization","@id":"https:\/\/i2physio.com\/en\/#organization","name":"Instituto Internacional de Fisioterapia","url":"https:\/\/i2physio.com\/en\/","logo":{"@type":"ImageObject","inLanguage":"en-US","@id":"https:\/\/i2physio.com\/en\/#\/schema\/logo\/image\/","url":"https:\/\/i2physio.com\/wp-content\/uploads\/2023\/08\/cropped-if_icon.png","contentUrl":"https:\/\/i2physio.com\/wp-content\/uploads\/2023\/08\/cropped-if_icon.png","width":512,"height":512,"caption":"Instituto Internacional de Fisioterapia"},"image":{"@id":"https:\/\/i2physio.com\/en\/#\/schema\/logo\/image\/"}}]}},"_links":{"self":[{"href":"https:\/\/i2physio.com\/en\/wp-json\/wp\/v2\/pages\/832","targetHints":{"allow":["GET"]}}],"collection":[{"href":"https:\/\/i2physio.com\/en\/wp-json\/wp\/v2\/pages"}],"about":[{"href":"https:\/\/i2physio.com\/en\/wp-json\/wp\/v2\/types\/page"}],"author":[{"embeddable":true,"href":"https:\/\/i2physio.com\/en\/wp-json\/wp\/v2\/users\/2"}],"replies":[{"embeddable":true,"href":"https:\/\/i2physio.com\/en\/wp-json\/wp\/v2\/comments?post=832"}],"version-history":[{"count":9,"href":"https:\/\/i2physio.com\/en\/wp-json\/wp\/v2\/pages\/832\/revisions"}],"predecessor-version":[{"id":1381,"href":"https:\/\/i2physio.com\/en\/wp-json\/wp\/v2\/pages\/832\/revisions\/1381"}],"wp:attachment":[{"href":"https:\/\/i2physio.com\/en\/wp-json\/wp\/v2\/media?parent=832"}],"curies":[{"name":"wp","href":"https:\/\/api.w.org\/{rel}","templated":true}]}}